{"id":14,"date":"2020-04-15T19:00:08","date_gmt":"2020-04-15T19:00:08","guid":{"rendered":"http:\/\/rueschbrook.de\/?page_id=14"},"modified":"2026-03-27T12:09:51","modified_gmt":"2026-03-27T12:09:51","slug":"das-schwalbennest","status":"publish","type":"page","link":"https:\/\/rueschbrook.de\/?page_id=14","title":{"rendered":"Ferienwohnung 1"},"content":{"rendered":"\t\t<div data-elementor-type=\"wp-page\" data-elementor-id=\"14\" class=\"elementor elementor-14\">\n\t\t\t\t\t\t<section class=\"elementor-section elementor-top-section elementor-element elementor-element-0ca02df elementor-section-boxed elementor-section-height-default elementor-section-height-default\" data-id=\"0ca02df\" data-element_type=\"section\" data-e-type=\"section\" data-settings=\"{&quot;background_background&quot;:&quot;classic&quot;}\">\n\t\t\t\t\t\t<div class=\"elementor-container elementor-column-gap-default\">\n\t\t\t\t\t<div class=\"elementor-column elementor-col-100 elementor-top-column elementor-element elementor-element-07b6f96\" data-id=\"07b6f96\" data-element_type=\"column\" data-e-type=\"column\">\n\t\t\t<div class=\"elementor-widget-wrap elementor-element-populated\">\n\t\t\t\t\t\t<div class=\"elementor-element elementor-element-24df861 elementor-widget elementor-widget-heading\" data-id=\"24df861\" data-element_type=\"widget\" data-e-type=\"widget\" data-widget_type=\"heading.default\">\n\t\t\t\t<div class=\"elementor-widget-container\">\n\t\t\t\t\t<h2 class=\"elementor-heading-title elementor-size-default\">Ferienwohnung 1<\/h2>\t\t\t\t<\/div>\n\t\t\t\t<\/div>\n\t\t\t\t<div class=\"elementor-element elementor-element-134d676 elementor-arrows-position-inside elementor-pagination-position-outside elementor-widget elementor-widget-image-carousel\" data-id=\"134d676\" data-element_type=\"widget\" data-e-type=\"widget\" data-settings=\"{&quot;slides_to_show&quot;:&quot;1&quot;,&quot;navigation&quot;:&quot;both&quot;,&quot;autoplay&quot;:&quot;yes&quot;,&quot;pause_on_hover&quot;:&quot;yes&quot;,&quot;pause_on_interaction&quot;:&quot;yes&quot;,&quot;autoplay_speed&quot;:5000,&quot;infinite&quot;:&quot;yes&quot;,&quot;effect&quot;:&quot;slide&quot;,&quot;speed&quot;:500}\" data-widget_type=\"image-carousel.default\">\n\t\t\t\t<div class=\"elementor-widget-container\">\n\t\t\t\t\t\t\t<div class=\"elementor-image-carousel-wrapper swiper\" role=\"region\" aria-roledescription=\"carousel\" aria-label=\"Bild Karussell\" dir=\"ltr\">\n\t\t\t<div class=\"elementor-image-carousel swiper-wrapper\" aria-live=\"off\">\n\t\t\t\t\t\t\t\t<div class=\"swiper-slide\" role=\"group\" aria-roledescription=\"slide\" aria-label=\"1 von 7\"><figure class=\"swiper-slide-inner\"><img decoding=\"async\" class=\"swiper-slide-image\" src=\"https:\/\/rueschbrook.de\/wp-content\/uploads\/2020\/04\/KuecheW01k-1-768x512.jpg\" alt=\"KuecheW01k\" \/><\/figure><\/div><div class=\"swiper-slide\" role=\"group\" aria-roledescription=\"slide\" aria-label=\"2 von 7\"><figure class=\"swiper-slide-inner\"><img decoding=\"async\" class=\"swiper-slide-image\" src=\"https:\/\/rueschbrook.de\/wp-content\/uploads\/2022\/09\/P1350511-768x576.jpg\" alt=\"P1350511\" \/><\/figure><\/div><div class=\"swiper-slide\" role=\"group\" aria-roledescription=\"slide\" aria-label=\"3 von 7\"><figure class=\"swiper-slide-inner\"><img decoding=\"async\" class=\"swiper-slide-image\" src=\"https:\/\/rueschbrook.de\/wp-content\/uploads\/2022\/09\/P1350512-768x576.jpg\" alt=\"P1350512\" \/><\/figure><\/div><div class=\"swiper-slide\" role=\"group\" aria-roledescription=\"slide\" aria-label=\"4 von 7\"><figure class=\"swiper-slide-inner\"><img decoding=\"async\" class=\"swiper-slide-image\" src=\"https:\/\/rueschbrook.de\/wp-content\/uploads\/2020\/04\/SchlafzimmerW01k-1-768x512.jpg\" alt=\"SchlafzimmerW01k\" \/><\/figure><\/div><div class=\"swiper-slide\" role=\"group\" aria-roledescription=\"slide\" aria-label=\"5 von 7\"><figure class=\"swiper-slide-inner\"><img decoding=\"async\" class=\"swiper-slide-image\" src=\"https:\/\/rueschbrook.de\/wp-content\/uploads\/2020\/04\/BettenW01k-1-768x512.jpg\" alt=\"BettenW01k\" \/><\/figure><\/div><div class=\"swiper-slide\" role=\"group\" aria-roledescription=\"slide\" aria-label=\"6 von 7\"><figure class=\"swiper-slide-inner\"><img decoding=\"async\" class=\"swiper-slide-image\" src=\"https:\/\/rueschbrook.de\/wp-content\/uploads\/2020\/04\/DuscheW01k-1-768x512.jpg\" alt=\"DuscheW01k\" \/><\/figure><\/div><div class=\"swiper-slide\" role=\"group\" aria-roledescription=\"slide\" aria-label=\"7 von 7\"><figure class=\"swiper-slide-inner\"><img decoding=\"async\" class=\"swiper-slide-image\" src=\"https:\/\/rueschbrook.de\/wp-content\/uploads\/2020\/04\/BadW01k-1-768x512.jpg\" alt=\"BadW01k\" \/><\/figure><\/div>\t\t\t<\/div>\n\t\t\t\t\t\t\t\t\t\t\t\t<div class=\"elementor-swiper-button elementor-swiper-button-prev\" role=\"button\" tabindex=\"0\">\n\t\t\t\t\t\t<i aria-hidden=\"true\" class=\"eicon-chevron-left\"><\/i>\t\t\t\t\t<\/div>\n\t\t\t\t\t<div class=\"elementor-swiper-button elementor-swiper-button-next\" role=\"button\" tabindex=\"0\">\n\t\t\t\t\t\t<i aria-hidden=\"true\" class=\"eicon-chevron-right\"><\/i>\t\t\t\t\t<\/div>\n\t\t\t\t\n\t\t\t\t\t\t\t\t\t<div class=\"swiper-pagination\"><\/div>\n\t\t\t\t\t\t\t\t\t<\/div>\n\t\t\t\t\t\t<\/div>\n\t\t\t\t<\/div>\n\t\t\t\t\t<\/div>\n\t\t<\/div>\n\t\t\t\t\t<\/div>\n\t\t<\/section>\n\t\t\t\t<section class=\"elementor-section elementor-top-section elementor-element elementor-element-3f52b19 elementor-section-boxed elementor-section-height-default elementor-section-height-default\" data-id=\"3f52b19\" data-element_type=\"section\" data-e-type=\"section\">\n\t\t\t\t\t\t<div class=\"elementor-container elementor-column-gap-default\">\n\t\t\t\t\t<div class=\"elementor-column elementor-col-100 elementor-top-column elementor-element elementor-element-c2dd27c\" data-id=\"c2dd27c\" data-element_type=\"column\" data-e-type=\"column\">\n\t\t\t<div class=\"elementor-widget-wrap elementor-element-populated\">\n\t\t\t\t\t\t<div class=\"elementor-element elementor-element-b128677 elementor-widget elementor-widget-text-editor\" data-id=\"b128677\" data-element_type=\"widget\" data-e-type=\"widget\" data-widget_type=\"text-editor.default\">\n\t\t\t\t<div class=\"elementor-widget-container\">\n\t\t\t\t\t\t\t\t\t<p>\u00a0<\/p><ul><li>Ferienwohnung 62m\u00b2 im EG rollstuhlgerecht<\/li><li>Schlafzimmer<br \/>\u00a0\u00a0Doppelbett<br \/>\u00a0\u00a0Zustellbett<\/li><li>Wohnzimmer<\/li><\/ul><p>K\u00fcche<br \/>\u00a0\u00a04 flammiger Elektroherd<br \/>\u00a0\u00a0Backofen<br \/>\u00a0\u00a0Geschirrsp\u00fclmaschine<br \/>\u00a0\u00a0K\u00fchlschrank\/Gefrierfach<\/p><ul><li>Bad\/WC<br \/>\u00a0\u00a01 Badezimmer<br \/>\u00a0\u00a01 WC<br \/>\u00a0\u00a01 Dusche<\/li><li>Terrasse<\/li><li>separater Eingang<\/li><li>Spielplatz<\/li><li>Grillm\u00f6glichkeit<\/li><\/ul><p class=\"bodytext\"><b>Anzahl der Betten:<\/b><br \/>von 2 bis 4<\/p><p class=\"bodytext\"><b>Sterne:<\/b><br \/>Ferienwohnung auf dem Bauernhof: 3 Sterne<\/p><p class=\"bodytext\"><b>Carport<\/b><br \/>f\u00fcr 1 Pkw<\/p><p class=\"bodytext\"><b>geeignet f\u00fcr:<\/b><br \/>2 Erwachsene<\/p><p class=\"bodytext\"><b>Preise:<br \/><\/b> Hauptsaison: <a href=\"mailto:arsievers@t-online.de\">bitte anfragen<\/a> Telefon 04521 \/ 37 70<\/p><p>Nebensaison: <a href=\"mailto:arsievers@t-online.de\">bitte anfragen<\/a> Telefon 04521 \/ 37 70<\/p><p class=\"bodytext\"><b>Hauptsaison<\/b><br \/>15. Juni bis 15. September<\/p><p class=\"bodytext\"><b>Nebensaison<\/b><br \/>16. September bis 14. Juni<\/p><p class=\"bodytext\"><b>Tiere erlaubt?<\/b><br \/>Ja<\/p><p class=\"bodytext\"><b>WLAN?<\/b><br \/>Ja<\/p><p class=\"bodytext\"><b>Bettw\u00e4sche und Handt\u00fccher<\/b><br \/>inklusive<\/p>\t\t\t\t\t\t\t\t<\/div>\n\t\t\t\t<\/div>\n\t\t\t\t\t<\/div>\n\t\t<\/div>\n\t\t\t\t\t<\/div>\n\t\t<\/section>\n\t\t\t\t<\/div>\n\t\t","protected":false},"excerpt":{"rendered":"<p>Ferienwohnung 1 \u00a0 Ferienwohnung 62m\u00b2 im EG rollstuhlgerecht Schlafzimmer\u00a0\u00a0Doppelbett\u00a0\u00a0Zustellbett Wohnzimmer K\u00fcche\u00a0\u00a04 flammiger Elektroherd\u00a0\u00a0Backofen\u00a0\u00a0Geschirrsp\u00fclmaschine\u00a0\u00a0K\u00fchlschrank\/Gefrierfach Bad\/WC\u00a0\u00a01 Badezimmer\u00a0\u00a01 WC\u00a0\u00a01 Dusche Terrasse separater Eingang Spielplatz Grillm\u00f6glichkeit Anzahl der Betten:von 2 bis 4 Sterne:Ferienwohnung auf dem Bauernhof: 3 Sterne Carportf\u00fcr 1 Pkw geeignet f\u00fcr:2 Erwachsene Preise: Hauptsaison: bitte anfragen Telefon 04521 \/ 37 70 Nebensaison: bitte anfragen Telefon 04521 \/ [&hellip;]<\/p>\n","protected":false},"author":1,"featured_media":0,"parent":0,"menu_order":0,"comment_status":"closed","ping_status":"closed","template":"elementor_theme","meta":{"footnotes":""},"class_list":["post-14","page","type-page","status-publish","hentry"],"_links":{"self":[{"href":"https:\/\/rueschbrook.de\/index.php?rest_route=\/wp\/v2\/pages\/14","targetHints":{"allow":["GET"]}}],"collection":[{"href":"https:\/\/rueschbrook.de\/index.php?rest_route=\/wp\/v2\/pages"}],"about":[{"href":"https:\/\/rueschbrook.de\/index.php?rest_route=\/wp\/v2\/types\/page"}],"author":[{"embeddable":true,"href":"https:\/\/rueschbrook.de\/index.php?rest_route=\/wp\/v2\/users\/1"}],"replies":[{"embeddable":true,"href":"https:\/\/rueschbrook.de\/index.php?rest_route=%2Fwp%2Fv2%2Fcomments&post=14"}],"version-history":[{"count":18,"href":"https:\/\/rueschbrook.de\/index.php?rest_route=\/wp\/v2\/pages\/14\/revisions"}],"predecessor-version":[{"id":301,"href":"https:\/\/rueschbrook.de\/index.php?rest_route=\/wp\/v2\/pages\/14\/revisions\/301"}],"wp:attachment":[{"href":"https:\/\/rueschbrook.de\/index.php?rest_route=%2Fwp%2Fv2%2Fmedia&parent=14"}],"curies":[{"name":"wp","href":"https:\/\/api.w.org\/{rel}","templated":true}]}}