{"id":18,"date":"2020-04-15T19:03:22","date_gmt":"2020-04-15T19:03:22","guid":{"rendered":"http:\/\/rueschbrook.de\/?page_id=18"},"modified":"2022-09-07T15:28:45","modified_gmt":"2022-09-07T15:28:45","slug":"ferienwohnung-3","status":"publish","type":"page","link":"https:\/\/rueschbrook.de\/?page_id=18","title":{"rendered":"Ferienwohnung 3"},"content":{"rendered":"\t\t<div data-elementor-type=\"wp-page\" data-elementor-id=\"18\" class=\"elementor elementor-18\">\n\t\t\t\t\t\t<section class=\"elementor-section elementor-top-section elementor-element elementor-element-30d184c elementor-section-boxed elementor-section-height-default elementor-section-height-default\" data-id=\"30d184c\" data-element_type=\"section\" data-e-type=\"section\">\n\t\t\t\t\t\t<div class=\"elementor-container elementor-column-gap-default\">\n\t\t\t\t\t<div class=\"elementor-column elementor-col-100 elementor-top-column elementor-element elementor-element-73f53ff\" data-id=\"73f53ff\" data-element_type=\"column\" data-e-type=\"column\">\n\t\t\t<div class=\"elementor-widget-wrap elementor-element-populated\">\n\t\t\t\t\t\t<div class=\"elementor-element elementor-element-e063b10 elementor-arrows-position-inside elementor-pagination-position-outside elementor-widget elementor-widget-image-carousel\" data-id=\"e063b10\" data-element_type=\"widget\" data-e-type=\"widget\" data-settings=\"{&quot;slides_to_show&quot;:&quot;1&quot;,&quot;navigation&quot;:&quot;both&quot;,&quot;autoplay&quot;:&quot;yes&quot;,&quot;pause_on_hover&quot;:&quot;yes&quot;,&quot;pause_on_interaction&quot;:&quot;yes&quot;,&quot;autoplay_speed&quot;:5000,&quot;infinite&quot;:&quot;yes&quot;,&quot;effect&quot;:&quot;slide&quot;,&quot;speed&quot;:500}\" data-widget_type=\"image-carousel.default\">\n\t\t\t\t<div class=\"elementor-widget-container\">\n\t\t\t\t\t\t\t<div class=\"elementor-image-carousel-wrapper swiper\" role=\"region\" aria-roledescription=\"carousel\" aria-label=\"Bild Karussell\" dir=\"ltr\">\n\t\t\t<div class=\"elementor-image-carousel swiper-wrapper\" aria-live=\"off\">\n\t\t\t\t\t\t\t\t<div class=\"swiper-slide\" role=\"group\" aria-roledescription=\"slide\" aria-label=\"1 von 9\"><figure class=\"swiper-slide-inner\"><img decoding=\"async\" class=\"swiper-slide-image\" src=\"https:\/\/rueschbrook.de\/wp-content\/uploads\/2020\/04\/FlurW03-768x525.jpg\" alt=\"FlurW03\" \/><\/figure><\/div><div class=\"swiper-slide\" role=\"group\" aria-roledescription=\"slide\" aria-label=\"2 von 9\"><figure class=\"swiper-slide-inner\"><img decoding=\"async\" class=\"swiper-slide-image\" src=\"https:\/\/rueschbrook.de\/wp-content\/uploads\/2022\/09\/P1350509-768x576.jpg\" alt=\"P1350509\" \/><\/figure><\/div><div class=\"swiper-slide\" role=\"group\" aria-roledescription=\"slide\" aria-label=\"3 von 9\"><figure class=\"swiper-slide-inner\"><img decoding=\"async\" class=\"swiper-slide-image\" src=\"https:\/\/rueschbrook.de\/wp-content\/uploads\/2022\/09\/P1350510-1-768x576.jpg\" alt=\"P1350510\" \/><\/figure><\/div><div class=\"swiper-slide\" role=\"group\" aria-roledescription=\"slide\" aria-label=\"4 von 9\"><figure class=\"swiper-slide-inner\"><img decoding=\"async\" class=\"swiper-slide-image\" src=\"https:\/\/rueschbrook.de\/wp-content\/uploads\/2020\/04\/KuecheW03a-768x512.jpg\" alt=\"KuecheW03a\" \/><\/figure><\/div><div class=\"swiper-slide\" role=\"group\" aria-roledescription=\"slide\" aria-label=\"5 von 9\"><figure class=\"swiper-slide-inner\"><img decoding=\"async\" class=\"swiper-slide-image\" src=\"https:\/\/rueschbrook.de\/wp-content\/uploads\/2020\/04\/KuecheW03-768x512.jpg\" alt=\"KuecheW03\" \/><\/figure><\/div><div class=\"swiper-slide\" role=\"group\" aria-roledescription=\"slide\" aria-label=\"6 von 9\"><figure class=\"swiper-slide-inner\"><img decoding=\"async\" class=\"swiper-slide-image\" src=\"https:\/\/rueschbrook.de\/wp-content\/uploads\/2020\/04\/KinderzimmerW03a-768x512.jpg\" alt=\"KinderzimmerW03a\" \/><\/figure><\/div><div class=\"swiper-slide\" role=\"group\" aria-roledescription=\"slide\" aria-label=\"7 von 9\"><figure class=\"swiper-slide-inner\"><img decoding=\"async\" class=\"swiper-slide-image\" src=\"https:\/\/rueschbrook.de\/wp-content\/uploads\/2020\/04\/KinderzimmerW03-768x512.jpg\" alt=\"KinderzimmerW03\" \/><\/figure><\/div><div class=\"swiper-slide\" role=\"group\" aria-roledescription=\"slide\" aria-label=\"8 von 9\"><figure class=\"swiper-slide-inner\"><img decoding=\"async\" class=\"swiper-slide-image\" src=\"https:\/\/rueschbrook.de\/wp-content\/uploads\/2020\/04\/SchlafzimmerW03-768x512.jpg\" alt=\"SchlafzimmerW03\" \/><\/figure><\/div><div class=\"swiper-slide\" role=\"group\" aria-roledescription=\"slide\" aria-label=\"9 von 9\"><figure class=\"swiper-slide-inner\"><img decoding=\"async\" class=\"swiper-slide-image\" src=\"https:\/\/rueschbrook.de\/wp-content\/uploads\/2020\/04\/BadW03-768x518.jpg\" alt=\"BadW03\" \/><\/figure><\/div>\t\t\t<\/div>\n\t\t\t\t\t\t\t\t\t\t\t\t<div class=\"elementor-swiper-button elementor-swiper-button-prev\" role=\"button\" tabindex=\"0\">\n\t\t\t\t\t\t<i aria-hidden=\"true\" class=\"eicon-chevron-left\"><\/i>\t\t\t\t\t<\/div>\n\t\t\t\t\t<div class=\"elementor-swiper-button elementor-swiper-button-next\" role=\"button\" tabindex=\"0\">\n\t\t\t\t\t\t<i aria-hidden=\"true\" class=\"eicon-chevron-right\"><\/i>\t\t\t\t\t<\/div>\n\t\t\t\t\n\t\t\t\t\t\t\t\t\t<div class=\"swiper-pagination\"><\/div>\n\t\t\t\t\t\t\t\t\t<\/div>\n\t\t\t\t\t\t<\/div>\n\t\t\t\t<\/div>\n\t\t\t\t\t<\/div>\n\t\t<\/div>\n\t\t\t\t\t<\/div>\n\t\t<\/section>\n\t\t\t\t<section class=\"elementor-section elementor-top-section elementor-element elementor-element-ace5fec elementor-section-boxed elementor-section-height-default elementor-section-height-default\" data-id=\"ace5fec\" data-element_type=\"section\" data-e-type=\"section\">\n\t\t\t\t\t\t<div class=\"elementor-container elementor-column-gap-default\">\n\t\t\t\t\t<div class=\"elementor-column elementor-col-100 elementor-top-column elementor-element elementor-element-86e2fde\" data-id=\"86e2fde\" data-element_type=\"column\" data-e-type=\"column\">\n\t\t\t<div class=\"elementor-widget-wrap elementor-element-populated\">\n\t\t\t\t\t\t<div class=\"elementor-element elementor-element-3770cbc elementor-widget elementor-widget-text-editor\" data-id=\"3770cbc\" data-element_type=\"widget\" data-e-type=\"widget\" data-widget_type=\"text-editor.default\">\n\t\t\t\t<div class=\"elementor-widget-container\">\n\t\t\t\t\t\t\t\t\t<ul><li>Ferienwohnung 80m\u00b2 im OG<\/li><li>2 Schlafzimmer<br \/>\u00a0\u00a0Doppelbett<br \/>\u00a0\u00a0Etagenbett<br \/>\u00a0\u00a0Kinderbett<br \/>\u00a0\u00a0Zustellbett<\/li><li>Wohnzimmer<\/li><\/ul><p>K\u00fcche<br \/>\u00a0\u00a04 flammiger Elektroherd<br \/>\u00a0\u00a0Backofen<br \/>\u00a0\u00a0Geschirrsp\u00fclmaschine<br \/>\u00a0\u00a0K\u00fchlschrank\/Gefrierfach<\/p><ul><li>Bad\/WC<br \/>\u00a0\u00a01 Badezimmer<br \/>\u00a0\u00a01 WC<br \/>\u00a0\u00a01 Dusche<\/li><li>separater Eingang<\/li><li>Spielplatz<\/li><li>Grillm\u00f6glichkeit<\/li><\/ul><p class=\"bodytext\"><b>Anzahl der Betten:<\/b><br \/>von 2 bis 6<\/p><p class=\"bodytext\"><b>Sterne:<\/b><br \/>Ferienwohnung auf dem Bauernhof: 3 Sterne<\/p><p class=\"bodytext\"><b>Carport<\/b><br \/>f\u00fcr 1 Pkw<\/p><p class=\"bodytext\"><b>geeignet f\u00fcr:<\/b><br \/>2 Erwachsene 3 Kinder<\/p><p class=\"bodytext\"><b>Preise:<br \/><\/b> Hauptsaison: <a href=\"mailto:arsievers@t-online.de\">bitte anfragen<\/a> Telefon 04521 \/ 37 70<br \/><br \/>Nebensaison: <a href=\"mailto:arsievers@t-online.de\">bitte anfragen<\/a> Telefon 04521 \/ 37 70<br \/><br \/><\/p><p class=\"bodytext\"><b>Hauptsaison<\/b><br \/>15. Juni bis 15. September<\/p><p class=\"bodytext\"><b>Nebensaison<\/b><br \/>16. September bis 14. Juni<\/p><p class=\"bodytext\"><b>Tiere erlaubt?<\/b><br \/>Ja<\/p><p class=\"bodytext\"><b>WLAN?<\/b><br \/>Ja<\/p><p class=\"bodytext\"><b>Bettw\u00e4sche und Handt\u00fccher<\/b><br \/>inklusive<\/p>\t\t\t\t\t\t\t\t<\/div>\n\t\t\t\t<\/div>\n\t\t\t\t\t<\/div>\n\t\t<\/div>\n\t\t\t\t\t<\/div>\n\t\t<\/section>\n\t\t\t\t<\/div>\n\t\t","protected":false},"excerpt":{"rendered":"<p>Zur\u00fcck Weiter Ferienwohnung 80m\u00b2 im OG 2 Schlafzimmer\u00a0\u00a0Doppelbett\u00a0\u00a0Etagenbett\u00a0\u00a0Kinderbett\u00a0\u00a0Zustellbett Wohnzimmer K\u00fcche\u00a0\u00a04 flammiger Elektroherd\u00a0\u00a0Backofen\u00a0\u00a0Geschirrsp\u00fclmaschine\u00a0\u00a0K\u00fchlschrank\/Gefrierfach Bad\/WC\u00a0\u00a01 Badezimmer\u00a0\u00a01 WC\u00a0\u00a01 Dusche separater Eingang Spielplatz Grillm\u00f6glichkeit Anzahl der Betten:von 2 bis 6 Sterne:Ferienwohnung auf dem Bauernhof: 3 Sterne Carportf\u00fcr 1 Pkw geeignet f\u00fcr:2 Erwachsene 3 Kinder Preise: Hauptsaison: bitte anfragen Telefon 04521 \/ 37 70 Nebensaison: bitte anfragen Telefon 04521 \/ [&hellip;]<\/p>\n","protected":false},"author":1,"featured_media":0,"parent":0,"menu_order":0,"comment_status":"closed","ping_status":"closed","template":"","meta":{"footnotes":""},"class_list":["post-18","page","type-page","status-publish","hentry"],"_links":{"self":[{"href":"https:\/\/rueschbrook.de\/index.php?rest_route=\/wp\/v2\/pages\/18","targetHints":{"allow":["GET"]}}],"collection":[{"href":"https:\/\/rueschbrook.de\/index.php?rest_route=\/wp\/v2\/pages"}],"about":[{"href":"https:\/\/rueschbrook.de\/index.php?rest_route=\/wp\/v2\/types\/page"}],"author":[{"embeddable":true,"href":"https:\/\/rueschbrook.de\/index.php?rest_route=\/wp\/v2\/users\/1"}],"replies":[{"embeddable":true,"href":"https:\/\/rueschbrook.de\/index.php?rest_route=%2Fwp%2Fv2%2Fcomments&post=18"}],"version-history":[{"count":8,"href":"https:\/\/rueschbrook.de\/index.php?rest_route=\/wp\/v2\/pages\/18\/revisions"}],"predecessor-version":[{"id":286,"href":"https:\/\/rueschbrook.de\/index.php?rest_route=\/wp\/v2\/pages\/18\/revisions\/286"}],"wp:attachment":[{"href":"https:\/\/rueschbrook.de\/index.php?rest_route=%2Fwp%2Fv2%2Fmedia&parent=18"}],"curies":[{"name":"wp","href":"https:\/\/api.w.org\/{rel}","templated":true}]}}