{"id":6,"date":"2020-04-15T18:52:49","date_gmt":"2020-04-15T18:52:49","guid":{"rendered":"http:\/\/rueschbrook.de\/?page_id=6"},"modified":"2022-08-26T08:48:30","modified_gmt":"2022-08-26T08:48:30","slug":"elementor-6","status":"publish","type":"page","link":"https:\/\/rueschbrook.de\/","title":{"rendered":"Herzlich willkommen"},"content":{"rendered":"<p><center><b>Moin moin*) und herzlich willkommen im Naturpark Holsteinische Schweiz,<br \/>\nauf unserem sch\u00f6nen Familienbauernhof R\u00fcschbrook.<\/b><\/center><\/p>\n<p>Wir haben Tiere die man streicheln kann:<br \/>\nSchweine, H\u00fchner, einen lieben Hund namens Luna und 2 Ponys, au\u00dferdem noch 5 Kaninchen. Alle wollen gef\u00fcttert und gepflegt werden.<br \/>\nBei dieser Arbeit sind Helfer herzlich willkommen.<\/p>\n<p>Wir bieten gem\u00fctliche Ferienwohnungen mit K\u00fcche, Geschirrsp\u00fcler, Terrasse und Liegewiese.<br \/>\nIhr Auto hat einen Platz im \u00fcberdachten Carport.<br \/>\nDie Ferienwohnungen haben einen schnellen Breitband &#8211; Internetanschlu\u00df.<br \/>\nF\u00fcr die sportlichen G\u00e4ste stehen Bolzplatz, Korbball, Tischfu\u00dfball und Tischtennis zur Verf\u00fcgung.<br \/>\nF\u00fcr die Kleinen haben wir einen sch\u00f6nen Spielplatz mit Sandkiste und Schaukel.<br \/>\nGrillabend und Lagerfeuer nach Absprache sorgen f\u00fcr Spa\u00df und Spannung.<\/p>\n<p>Sollten sie auf unserer Internetseite nicht alle Informationen finden die Sie suchen und ben\u00f6tigen, dann nehmen Sie doch einfach <a href=\"mailto:arsievers@t-online.de\">Kontakt<\/a> mit uns auf.<\/p>\n<h4>Mit freundlichem Gru\u00df<br \/>\nFamilie Sievers<\/h4>\n<p>*)&#8220;Moin moin&#8220; bedeutet &#8222;&#8217;n mooien Dag w\u00fcnsch ik di&#8220; = &#8222;einen sch\u00f6nen Tag (Abend &#8230;) w\u00fcnsche ich dir&#8220;. Verk\u00fcrzt wurde dies zu &#8222;moin Dag&#8220; und &#8222;moin&#8220;. Zur st\u00e4rkeren Betonung wurde es verdoppelt zu &#8222;Moin Moin&#8220; oder &#8222;moinmoin&#8220;<\/p>\n<h2>Agraumwelt- und Klimama\u00dfnahmen:<\/h2>\n<p>Mit dieser Ma\u00dfnahme werden landwirtschafliche Betriebe bei der Erhaltung und Verbesserung der Umweltsituation unterst\u00fctzt.<br \/>\nZiel ist eine nachhaltige und resourcenschonende Bewirschaftung in Bezug auf Artenvielfalt, Boden, Wasser und den Schutz des Klimas.<\/p>\n<p><a href=\"https:\/\/agriculture.ec.europa.eu\/common-agricultural-policy\/rural-development_de\" target=\"_blank\" rel=\"noopener noreferrer\">Link zu der Website der Kommisson f\u00fcr die Politik zur Entwicklung des l\u00e4ndlichen Raums 2014-2020<\/a><\/p>\n<p><a href=\"http:\/\/www.eler.schleswig-holstein.de\" target=\"_blank\" rel=\"noopener noreferrer\">Link zu der Website des Ministerium f\u00fcr Energiewende, Landwirtschaft, Umwelt und l\u00e4ndliche R\u00e4ume (MELUR)<br \/>\n<\/a><\/p>\n","protected":false},"excerpt":{"rendered":"<p>Moin moin*) und herzlich willkommen im Naturpark Holsteinische Schweiz, auf unserem sch\u00f6nen Familienbauernhof R\u00fcschbrook. Wir haben Tiere die man streicheln kann: Schweine, H\u00fchner, einen lieben Hund namens Luna und 2 Ponys, au\u00dferdem noch 5 Kaninchen. Alle wollen gef\u00fcttert und gepflegt werden. Bei dieser Arbeit sind Helfer herzlich willkommen. Wir bieten gem\u00fctliche Ferienwohnungen mit K\u00fcche, Geschirrsp\u00fcler, [&hellip;]<\/p>\n","protected":false},"author":1,"featured_media":0,"parent":0,"menu_order":0,"comment_status":"closed","ping_status":"closed","template":"","meta":{"footnotes":""},"class_list":["post-6","page","type-page","status-publish","hentry"],"_links":{"self":[{"href":"https:\/\/rueschbrook.de\/index.php?rest_route=\/wp\/v2\/pages\/6","targetHints":{"allow":["GET"]}}],"collection":[{"href":"https:\/\/rueschbrook.de\/index.php?rest_route=\/wp\/v2\/pages"}],"about":[{"href":"https:\/\/rueschbrook.de\/index.php?rest_route=\/wp\/v2\/types\/page"}],"author":[{"embeddable":true,"href":"https:\/\/rueschbrook.de\/index.php?rest_route=\/wp\/v2\/users\/1"}],"replies":[{"embeddable":true,"href":"https:\/\/rueschbrook.de\/index.php?rest_route=%2Fwp%2Fv2%2Fcomments&post=6"}],"version-history":[{"count":63,"href":"https:\/\/rueschbrook.de\/index.php?rest_route=\/wp\/v2\/pages\/6\/revisions"}],"predecessor-version":[{"id":272,"href":"https:\/\/rueschbrook.de\/index.php?rest_route=\/wp\/v2\/pages\/6\/revisions\/272"}],"wp:attachment":[{"href":"https:\/\/rueschbrook.de\/index.php?rest_route=%2Fwp%2Fv2%2Fmedia&parent=6"}],"curies":[{"name":"wp","href":"https:\/\/api.w.org\/{rel}","templated":true}]}}